{"id":170,"date":"2013-01-13T16:40:22","date_gmt":"2013-01-13T16:40:22","guid":{"rendered":"http:\/\/duartebotelho.com\/db\/?page_id=170"},"modified":"2023-01-06T22:38:22","modified_gmt":"2023-01-06T22:38:22","slug":"o-auto-da-barca-do-inferno","status":"publish","type":"page","link":"https:\/\/duartebotelho.com\/db\/o-auto-da-barca-do-inferno\/","title":{"rendered":"O Auto da Barca do Inferno"},"content":{"rendered":"<p><span style=\"font-family: arial, sans-serif;\">S\u00e9rie de pintura baseada no auto hom\u00f3nimo do dramaturgo Gil Vicente, com a sua primeira representa\u00e7\u00e3o em 1517, construindo uma complexa alegoria dram\u00e1tica sobre uma s\u00e1tira social de como era a sociedade portuguesa do s\u00e9culo XVI\u00a0(trabalho em execu\u00e7\u00e3o).<\/p>\n<p>\u00c9 convidado pela Editora Moderna de S\u00e3o Paulo, Brasil,\u00a0 para ceder direitos autorais sobre 2 temas desta s\u00e9rie para inclus\u00e3o no livro \u201cIdentidade em A\u00e7\u00e3o \u2013 L\u00edngua Portuguesa\u201d da autoria de Thelma Carvalho Guimar\u00e3es encomenda do Minist\u00e9rio da Cultura brasileiro como manual do ensino m\u00e9dio. Publica\u00e7\u00e3o prevista para 2021.<\/span><\/p>\n<p>&nbsp;<\/p>\n<table width=\"800\" border=\"0\" cellspacing=\"0\" cellpadding=\"0\">\n<tbody>\n<tr>\n<td align=\"center\" width=\"400\" height=\"0\"><span style=\"font-family: Arial;\"><img decoding=\"async\" alt=\"cv_anjo\" src=\"http:\/\/duartebotelho.com\/db\/wp-content\/uploads\/2013\/01\/cv_anjo-300x238.jpg\" align=\"middle\" \/><\/span><\/td>\n<td align=\"center\" width=\"400\" height=\"0\"><span style=\"font-family: Arial;\"><img decoding=\"async\" alt=\"cv_diabo\" src=\"http:\/\/duartebotelho.com\/db\/wp-content\/uploads\/2013\/01\/cv_diabo-300x240.jpg\" \/><\/span><\/td>\n<\/tr>\n<tr>\n<td align=\"center\" width=\"400\" height=\"0\"><span style=\"font-family: Arial;\"><span style=\"font-family: Arial-BoldMT;\"><b>&#8220;ANJO&#8221; <\/b><\/span><span style=\"font-family: ArialMT;\">&#8211; acr\u00edlico\u00a0sobre tela<br \/>\n40x50cm<\/span><\/span><\/td>\n<td align=\"center\" width=\"400\" height=\"0\"><span style=\"font-family: Arial;\"><span style=\"font-family: Arial-BoldMT;\"><b>&#8220;DIABO&#8221; <\/b><\/span><span style=\"font-family: ArialMT;\">&#8211; acr\u00edlico\u00a0sobre tela,<br \/>\n40x50cm<\/span><\/span><\/td>\n<\/tr>\n<tr>\n<td align=\"center\" width=\"400\" height=\"0\"><\/td>\n<td align=\"center\" width=\"400\" height=\"0\"><\/td>\n<\/tr>\n<tr>\n<td align=\"center\" width=\"400\" height=\"0\"><\/td>\n<td align=\"center\" width=\"400\" height=\"0\"><\/td>\n<\/tr>\n<tr>\n<td align=\"center\" width=\"400\" height=\"0\"><span style=\"font-family: Arial;\"><img decoding=\"async\" alt=\"cv_companheirodiabo\" src=\"http:\/\/duartebotelho.com\/db\/wp-content\/uploads\/2013\/01\/cv_companheirodiabo-300x237.jpg\" \/><\/span><\/td>\n<td align=\"center\" width=\"400\" height=\"0\"><span style=\"font-family: Arial;\"><img decoding=\"async\" alt=\"cv_fidalgo\" src=\"http:\/\/duartebotelho.com\/db\/wp-content\/uploads\/2013\/01\/cv_fidalgo-300x240.jpg\" \/><\/span><\/td>\n<\/tr>\n<tr>\n<td align=\"center\" width=\"400\" height=\"0\"><span style=\"font-family: Arial;\"><span style=\"font-family: Arial-BoldMT;\"><b>&#8220;COMPANHEIRO DO DIABO&#8221;<br \/>\n<\/b><\/span><span style=\"font-family: ArialMT;\">acr\u00edlico sobre tela 40x50cm<\/span><\/span><\/td>\n<td align=\"center\" width=\"400\" height=\"0\"><span style=\"font-family: Arial;\"><span style=\"font-family: Arial-BoldMT;\"><b>&#8220;FIDALGO&#8221; <\/b><\/span><span style=\"font-family: ArialMT;\">&#8211;\u00a0acr\u00edlico sobre tela<br \/>\n40x50cm<\/span><\/span><\/td>\n<\/tr>\n<tr>\n<td align=\"center\" width=\"400\" height=\"0\"><\/td>\n<td align=\"center\" width=\"400\" height=\"0\"><\/td>\n<\/tr>\n<tr>\n<td align=\"center\" width=\"400\" height=\"0\"><\/td>\n<td align=\"center\" width=\"400\" height=\"0\"><\/td>\n<\/tr>\n<tr>\n<td align=\"center\" width=\"400\" height=\"0\"><span style=\"font-family: Arial;\"><img decoding=\"async\" alt=\"cv_alcoviteira\" src=\"http:\/\/duartebotelho.com\/db\/wp-content\/uploads\/2013\/01\/cv_alcoviteira-300x238.jpg\" \/><\/span><\/td>\n<td align=\"center\" width=\"400\" height=\"0\"><span style=\"font-family: Arial;\"><img loading=\"lazy\" decoding=\"async\" alt=\"\" src=\"http:\/\/duartebotelho.com\/db\/wp-content\/uploads\/2013\/01\/cv_judeu.jpg\" width=\"272\" height=\"237\" \/><\/span><\/td>\n<\/tr>\n<tr>\n<td align=\"center\" width=\"400\" height=\"0\"><span style=\"font-family: Arial;\"><span style=\"font-family: Arial-BoldMT;\"><b>&#8220;ALCOVITEIRA&#8221; <\/b><\/span><span style=\"font-family: ArialMT;\">&#8211;\u00a0acr\u00edlico sobre tela 40x50cm<\/span><\/span><\/td>\n<td align=\"center\" width=\"400\" height=\"0\"><span style=\"font-family: Arial;\"><span style=\"font-family: Arial-BoldMT;\"><b>&#8220;JUDEU&#8221; <\/b><\/span><span style=\"font-family: ArialMT;\">&#8211; acr\u00edlico\u00a0sobre tela\u00a040x50cm<\/span><\/span><\/td>\n<\/tr>\n<\/tbody>\n<\/table>\n<p>&nbsp;<\/p>\n<p><span style=\"font-family: Arial;\"><br \/>\n<\/span><\/p>\n<p>&nbsp;<\/p>\n<table width=\"800\" border=\"0\" cellpadding=\"0\">\n<tbody>\n<tr>\n<td>\n<p align=\"center\"><span style=\"font-family: Arial;\"><img decoding=\"async\" alt=\"\" src=\"http:\/\/duartebotelho.com\/db\/wp-content\/uploads\/2013\/01\/DB70-ANJO-DIABO-E-COMPANHEIRO.jpg\" \/><br \/>\n<strong>CENA I &#8211; &#8220;ANJO, DIABO E COMPANHEIRO&#8221;<\/strong><br \/>\n<span style=\"line-height: 19px;\">acr\u00edlico sobre tela 80x100cm<br \/>\n<\/span><\/span><\/p>\n<p><span style=\"font-family: Arial;\">\u00a0<\/span><\/p>\n<p>&nbsp;<\/td>\n<\/tr>\n<tr>\n<td align=\"center\"><span style=\"font-family: Arial;\"><img decoding=\"async\" alt=\"\" src=\"http:\/\/duartebotelho.com\/db\/wp-content\/uploads\/2013\/01\/DB74-O-JULGAMENTO-DO-FIDALGO.jpg\" \/><br \/>\n<b>CENA II<\/b><span style=\"font-family: Arial-BoldMT;\" data-mce-mark=\"1\"><b> &#8211; &#8220;O JULGAMENTO\u00a0DO FIDALGO<\/b><\/span><\/span><span style=\"font-family: ArialMT;\" data-mce-mark=\"1\"><span style=\"font-family: Arial;\">&#8221;<br \/>\nacr\u00edlico sobre tela 80x100cm<\/span><\/span><\/p>\n<p><span style=\"font-family: Arial;\">\u00a0<\/span><\/p>\n<p>&nbsp;<\/td>\n<\/tr>\n<tr>\n<td align=\"center\"><span style=\"font-family: Arial;\"><img decoding=\"async\" alt=\"\" src=\"https:\/\/duartebotelho.com\/db\/wp-content\/uploads\/2023\/01\/CENAS-VI-e-VII.jpg\" \/><b><\/b><\/p>\n<p><b>CENAS VI e VII &#8211; &#8220;JULGAMENTO DO FRADE E DA ALCOVITEIRA BRISIDA VAZ&#8221;<\/b><br \/>\nacr\u00edlico sobre tela 80x100cm<\/span><\/span><\/p>\n<p><span style=\"font-family: Arial;\">\u00a0<\/span><\/p>\n<p>&nbsp;<\/td>\n<\/tr>\n<tr>\n<td align=\"center\"><span style=\"font-family: Arial;\"><img decoding=\"async\" alt=\"\" src=\"http:\/\/duartebotelho.com\/db\/wp-content\/uploads\/2013\/01\/DB76-O-JULGAMENTO-DO-JUDEU.jpg\" \/><b><\/b><\/p>\n<p><b>CENA VIII &#8211; &#8220;O JULGAMENTO\u00a0DO JUDEU&#8221;<\/b><br \/>\nacr\u00edlico sobre tela 80x100cm<\/td>\n<\/tr>\n<\/tbody>\n<\/table>\n<p>&nbsp;<\/p>\n<p><span style=\"font-family: ArialMT;\" data-mce-mark=\"1\"><span style=\"font-family: Arial;\">\u00a0<\/span><span style=\"font-family: Arial; line-height: 19px;\">\u00a0<\/span><\/span><span style=\"font-family: Arial;\"><br \/>\n<span style=\"font-family: Arial-BoldMT;\" data-mce-mark=\"1\"><br \/>\n<\/span><\/span><span style=\"font-family: ArialMT;\" data-mce-mark=\"1\"><span style=\"font-family: Arial;\"><br \/>\n<\/span><\/span><\/p>\n<p><span style=\"font-family: Arial;\"><span style=\"font-family: Arial-BoldMT;\" data-mce-mark=\"1\"><br \/>\n<\/span><\/span><\/p>\n","protected":false},"excerpt":{"rendered":"<p>S\u00e9rie de pintura baseada no auto hom\u00f3nimo do dramaturgo Gil Vicente, com a sua primeira representa\u00e7\u00e3o em 1517, construindo uma complexa alegoria dram\u00e1tica sobre uma s\u00e1tira social de como era a sociedade portuguesa do s\u00e9culo XVI\u00a0(trabalho em execu\u00e7\u00e3o). \u00c9 convidado pela Editora Moderna de S\u00e3o Paulo, Brasil,\u00a0 para ceder direitos autorais sobre 2 temas desta [&hellip;]<\/p>\n","protected":false},"author":1,"featured_media":0,"parent":0,"menu_order":0,"comment_status":"open","ping_status":"open","template":"","meta":{"footnotes":""},"class_list":["post-170","page","type-page","status-publish","hentry"],"_links":{"self":[{"href":"https:\/\/duartebotelho.com\/db\/wp-json\/wp\/v2\/pages\/170","targetHints":{"allow":["GET"]}}],"collection":[{"href":"https:\/\/duartebotelho.com\/db\/wp-json\/wp\/v2\/pages"}],"about":[{"href":"https:\/\/duartebotelho.com\/db\/wp-json\/wp\/v2\/types\/page"}],"author":[{"embeddable":true,"href":"https:\/\/duartebotelho.com\/db\/wp-json\/wp\/v2\/users\/1"}],"replies":[{"embeddable":true,"href":"https:\/\/duartebotelho.com\/db\/wp-json\/wp\/v2\/comments?post=170"}],"version-history":[{"count":24,"href":"https:\/\/duartebotelho.com\/db\/wp-json\/wp\/v2\/pages\/170\/revisions"}],"predecessor-version":[{"id":1173,"href":"https:\/\/duartebotelho.com\/db\/wp-json\/wp\/v2\/pages\/170\/revisions\/1173"}],"wp:attachment":[{"href":"https:\/\/duartebotelho.com\/db\/wp-json\/wp\/v2\/media?parent=170"}],"curies":[{"name":"wp","href":"https:\/\/api.w.org\/{rel}","templated":true}]}}