{"id":1419,"date":"2025-12-21T17:57:15","date_gmt":"2025-12-21T17:57:15","guid":{"rendered":"https:\/\/duartebotelho.com\/db?page_id=1419"},"modified":"2025-12-21T18:20:57","modified_gmt":"2025-12-21T18:20:57","slug":"carrinho","status":"publish","type":"page","link":"https:\/\/duartebotelho.com\/db\/carrinho\/?lang=en","title":{"rendered":"Carrinho"},"content":{"rendered":"\n<div data-block-name=\"woocommerce\/cart\" class=\"wp-block-woocommerce-cart alignwide is-loading\">\n<div data-block-name=\"woocommerce\/filled-cart-block\" class=\"wp-block-woocommerce-filled-cart-block\">\n<div data-block-name=\"woocommerce\/cart-items-block\" class=\"wp-block-woocommerce-cart-items-block\">\n<div data-block-name=\"woocommerce\/cart-line-items-block\" class=\"wp-block-woocommerce-cart-line-items-block\"><\/div>\n\n\n<\/div>\n\n\n\n\n<div data-block-name=\"woocommerce\/cart-totals-block\" class=\"wp-block-woocommerce-cart-totals-block\">\n<div data-block-name=\"woocommerce\/cart-order-summary-block\" class=\"wp-block-woocommerce-cart-order-summary-block\">\n<div data-block-name=\"woocommerce\/cart-order-summary-heading-block\" class=\"wp-block-woocommerce-cart-order-summary-heading-block\"><\/div><div data-block-name=\"woocommerce\/cart-order-summary-coupon-form-block\" class=\"wp-block-woocommerce-cart-order-summary-coupon-form-block\"><\/div><div data-block-name=\"woocommerce\/cart-order-summary-totals-block\" class=\"wp-block-woocommerce-cart-order-summary-totals-block\">\n<div data-block-name=\"woocommerce\/cart-order-summary-subtotal-block\" class=\"wp-block-woocommerce-cart-order-summary-subtotal-block\"><\/div>\n<div data-block-name=\"woocommerce\/cart-order-summary-discount-block\" class=\"wp-block-woocommerce-cart-order-summary-discount-block\"><\/div>\n<div data-block-name=\"woocommerce\/cart-order-summary-fee-block\" class=\"wp-block-woocommerce-cart-order-summary-fee-block\"><\/div>\n<div data-block-name=\"woocommerce\/cart-order-summary-shipping-block\" class=\"wp-block-woocommerce-cart-order-summary-shipping-block\"><\/div>\n<div data-block-name=\"woocommerce\/cart-order-summary-taxes-block\" class=\"wp-block-woocommerce-cart-order-summary-taxes-block\"><\/div><\/div>\n<\/div>\n\n\n\n<div data-block-name=\"woocommerce\/cart-express-payment-block\" class=\"wp-block-woocommerce-cart-express-payment-block\"><\/div>\n\n\n\n<div data-block-name=\"woocommerce\/proceed-to-checkout-block\" class=\"wp-block-woocommerce-proceed-to-checkout-block\"><\/div>\n\n\n\n<div data-block-name=\"woocommerce\/cart-accepted-payment-methods-block\" class=\"wp-block-woocommerce-cart-accepted-payment-methods-block\"><\/div>\n<\/div>\n<\/div>\n\n\n\n<div data-block-name=\"woocommerce\/empty-cart-block\" class=\"wp-block-woocommerce-empty-cart-block\">\n<h2 class=\"wp-block-heading has-text-align-center with-empty-cart-icon wc-block-cart__empty-cart__title\">O seu carrinho est\u00e1 vazio!<\/h2>\n\n\n\n<hr class=\"wp-block-separator has-alpha-channel-opacity is-style-dots\"\/>\n\n\n\n<h2 class=\"wp-block-heading has-text-align-center\">Novo na loja<\/h2>\n\n\n<div data-block-name=\"woocommerce\/product-new\" data-columns=\"4\" data-rows=\"1\" class=\"wc-block-grid wp-block-product-new wp-block-woocommerce-product-new wc-block-product-new has-4-columns\"><ul class=\"wc-block-grid__products\"><li class=\"wc-block-grid__product\">\n\t\t\t\t<a href=\"https:\/\/duartebotelho.com\/db\/produto\/farol-museu-sta-marta-cascais\/\" class=\"wc-block-grid__product-link\">\n\t\t\t\t\t\n\t\t\t\t\t<div class=\"wc-block-grid__product-image\"><img loading=\"lazy\" decoding=\"async\" width=\"324\" height=\"216\" src=\"https:\/\/duartebotelho.com\/db\/wp-content\/uploads\/2026\/01\/DB25A-TELA-FAROL-MUSEU-STA-MARTA-CASCAIS-324x216.jpg\" class=\"attachment-woocommerce_thumbnail size-woocommerce_thumbnail\" alt=\"FAROL MUSEU STA MARTA - CASCAIS\" srcset=\"https:\/\/duartebotelho.com\/db\/wp-content\/uploads\/2026\/01\/DB25A-TELA-FAROL-MUSEU-STA-MARTA-CASCAIS-324x216.jpg 324w, https:\/\/duartebotelho.com\/db\/wp-content\/uploads\/2026\/01\/DB25A-TELA-FAROL-MUSEU-STA-MARTA-CASCAIS-300x200.jpg 300w, https:\/\/duartebotelho.com\/db\/wp-content\/uploads\/2026\/01\/DB25A-TELA-FAROL-MUSEU-STA-MARTA-CASCAIS-1024x682.jpg 1024w, https:\/\/duartebotelho.com\/db\/wp-content\/uploads\/2026\/01\/DB25A-TELA-FAROL-MUSEU-STA-MARTA-CASCAIS-768x512.jpg 768w, https:\/\/duartebotelho.com\/db\/wp-content\/uploads\/2026\/01\/DB25A-TELA-FAROL-MUSEU-STA-MARTA-CASCAIS-416x277.jpg 416w, https:\/\/duartebotelho.com\/db\/wp-content\/uploads\/2026\/01\/DB25A-TELA-FAROL-MUSEU-STA-MARTA-CASCAIS.jpg 1181w\" sizes=\"auto, (max-width: 324px) 100vw, 324px\" \/><\/div>\n\t\t\t\t\t<div class=\"wc-block-grid__product-title\">FAROL MUSEU STA MARTA &#8211; CASCAIS<\/div>\n\t\t\t\t<\/a>\n\t\t\t\t<div class=\"wc-block-grid__product-price price\"><span class=\"woocommerce-Price-amount amount\" aria-hidden=\"true\">90,00&nbsp;<span class=\"woocommerce-Price-currencySymbol\">&euro;<\/span><\/span> <span aria-hidden=\"true\">&ndash;<\/span> <span class=\"woocommerce-Price-amount amount\" aria-hidden=\"true\">120,00&nbsp;<span class=\"woocommerce-Price-currencySymbol\">&euro;<\/span><\/span><span class=\"screen-reader-text\">Price range: 90,00&nbsp;&euro; through 120,00&nbsp;&euro;<\/span><\/div>\n\t\t\t\t\n\t\t\t\t<div class=\"wp-block-button wc-block-grid__product-add-to-cart\"><a href=\"https:\/\/duartebotelho.com\/db\/produto\/farol-museu-sta-marta-cascais\/\" aria-label=\"Seleccione as op\u00e7\u00f5es para &ldquo;FAROL MUSEU STA MARTA - CASCAIS&rdquo;\" data-quantity=\"1\" data-product_id=\"2191\" data-product_sku=\"DB25A\" data-price=\"90\" rel=\"nofollow\" class=\"wp-block-button__link  add_to_cart_button\">Ver op\u00e7\u00f5es<\/a><\/div>\n\t\t\t<\/li><li class=\"wc-block-grid__product\">\n\t\t\t\t<a href=\"https:\/\/duartebotelho.com\/db\/produto\/praca-5-de-outubro-cascais\/\" class=\"wc-block-grid__product-link\">\n\t\t\t\t\t\n\t\t\t\t\t<div class=\"wc-block-grid__product-image\"><img loading=\"lazy\" decoding=\"async\" width=\"324\" height=\"216\" src=\"https:\/\/duartebotelho.com\/db\/wp-content\/uploads\/2026\/01\/DB37-TELA-PR-5-OUTUBRO-CASCAIS-324x216.jpg\" class=\"attachment-woocommerce_thumbnail size-woocommerce_thumbnail\" alt=\"PRA\u00c7A 5 DE OUTUBRO - CASCAIS\" srcset=\"https:\/\/duartebotelho.com\/db\/wp-content\/uploads\/2026\/01\/DB37-TELA-PR-5-OUTUBRO-CASCAIS-324x216.jpg 324w, https:\/\/duartebotelho.com\/db\/wp-content\/uploads\/2026\/01\/DB37-TELA-PR-5-OUTUBRO-CASCAIS-300x200.jpg 300w, https:\/\/duartebotelho.com\/db\/wp-content\/uploads\/2026\/01\/DB37-TELA-PR-5-OUTUBRO-CASCAIS-1024x682.jpg 1024w, https:\/\/duartebotelho.com\/db\/wp-content\/uploads\/2026\/01\/DB37-TELA-PR-5-OUTUBRO-CASCAIS-768x512.jpg 768w, https:\/\/duartebotelho.com\/db\/wp-content\/uploads\/2026\/01\/DB37-TELA-PR-5-OUTUBRO-CASCAIS-416x277.jpg 416w, https:\/\/duartebotelho.com\/db\/wp-content\/uploads\/2026\/01\/DB37-TELA-PR-5-OUTUBRO-CASCAIS.jpg 1181w\" sizes=\"auto, (max-width: 324px) 100vw, 324px\" \/><\/div>\n\t\t\t\t\t<div class=\"wc-block-grid__product-title\">PRA\u00c7A 5 DE OUTUBRO &#8211; CASCAIS<\/div>\n\t\t\t\t<\/a>\n\t\t\t\t<div class=\"wc-block-grid__product-price price\"><span class=\"woocommerce-Price-amount amount\" aria-hidden=\"true\">90,00&nbsp;<span class=\"woocommerce-Price-currencySymbol\">&euro;<\/span><\/span> <span aria-hidden=\"true\">&ndash;<\/span> <span class=\"woocommerce-Price-amount amount\" aria-hidden=\"true\">120,00&nbsp;<span class=\"woocommerce-Price-currencySymbol\">&euro;<\/span><\/span><span class=\"screen-reader-text\">Price range: 90,00&nbsp;&euro; through 120,00&nbsp;&euro;<\/span><\/div>\n\t\t\t\t\n\t\t\t\t<div class=\"wp-block-button wc-block-grid__product-add-to-cart\"><a href=\"https:\/\/duartebotelho.com\/db\/produto\/praca-5-de-outubro-cascais\/\" aria-label=\"Seleccione as op\u00e7\u00f5es para &ldquo;PRA\u00c7A 5 DE OUTUBRO - CASCAIS&rdquo;\" data-quantity=\"1\" data-product_id=\"2178\" data-product_sku=\"DB37\" data-price=\"90\" rel=\"nofollow\" class=\"wp-block-button__link  add_to_cart_button\">Ver op\u00e7\u00f5es<\/a><\/div>\n\t\t\t<\/li><li class=\"wc-block-grid__product\">\n\t\t\t\t<a href=\"https:\/\/duartebotelho.com\/db\/produto\/as-cupulas-do-palacio-da-pena\/\" class=\"wc-block-grid__product-link\">\n\t\t\t\t\t\n\t\t\t\t\t<div class=\"wc-block-grid__product-image\"><img loading=\"lazy\" decoding=\"async\" width=\"324\" height=\"216\" src=\"https:\/\/duartebotelho.com\/db\/wp-content\/uploads\/2025\/12\/DB024A_-CUPULAS-DO-PALACIO-DA-PENA-324x216.jpg\" class=\"attachment-woocommerce_thumbnail size-woocommerce_thumbnail\" alt=\"AS C\u00daPULAS DO PAL\u00c1CIO DA PENA\" srcset=\"https:\/\/duartebotelho.com\/db\/wp-content\/uploads\/2025\/12\/DB024A_-CUPULAS-DO-PALACIO-DA-PENA-324x216.jpg 324w, https:\/\/duartebotelho.com\/db\/wp-content\/uploads\/2025\/12\/DB024A_-CUPULAS-DO-PALACIO-DA-PENA-300x200.jpg 300w, https:\/\/duartebotelho.com\/db\/wp-content\/uploads\/2025\/12\/DB024A_-CUPULAS-DO-PALACIO-DA-PENA-1024x683.jpg 1024w, https:\/\/duartebotelho.com\/db\/wp-content\/uploads\/2025\/12\/DB024A_-CUPULAS-DO-PALACIO-DA-PENA-768x512.jpg 768w, https:\/\/duartebotelho.com\/db\/wp-content\/uploads\/2025\/12\/DB024A_-CUPULAS-DO-PALACIO-DA-PENA-1536x1025.jpg 1536w, https:\/\/duartebotelho.com\/db\/wp-content\/uploads\/2025\/12\/DB024A_-CUPULAS-DO-PALACIO-DA-PENA-416x277.jpg 416w, https:\/\/duartebotelho.com\/db\/wp-content\/uploads\/2025\/12\/DB024A_-CUPULAS-DO-PALACIO-DA-PENA.jpg 1772w\" sizes=\"auto, (max-width: 324px) 100vw, 324px\" \/><\/div>\n\t\t\t\t\t<div class=\"wc-block-grid__product-title\">AS C\u00daPULAS DO PAL\u00c1CIO DA PENA<\/div>\n\t\t\t\t<\/a>\n\t\t\t\t<div class=\"wc-block-grid__product-price price\"><span class=\"woocommerce-Price-amount amount\" aria-hidden=\"true\">90,00&nbsp;<span class=\"woocommerce-Price-currencySymbol\">&euro;<\/span><\/span> <span aria-hidden=\"true\">&ndash;<\/span> <span class=\"woocommerce-Price-amount amount\" aria-hidden=\"true\">120,00&nbsp;<span class=\"woocommerce-Price-currencySymbol\">&euro;<\/span><\/span><span class=\"screen-reader-text\">Price range: 90,00&nbsp;&euro; through 120,00&nbsp;&euro;<\/span><\/div>\n\t\t\t\t\n\t\t\t\t<div class=\"wp-block-button wc-block-grid__product-add-to-cart\"><a href=\"https:\/\/duartebotelho.com\/db\/produto\/as-cupulas-do-palacio-da-pena\/\" aria-label=\"Seleccione as op\u00e7\u00f5es para &ldquo;AS C\u00daPULAS DO PAL\u00c1CIO DA PENA&rdquo;\" data-quantity=\"1\" data-product_id=\"2163\" data-product_sku=\"DB24A\" data-price=\"90\" rel=\"nofollow\" class=\"wp-block-button__link  add_to_cart_button\">Ver op\u00e7\u00f5es<\/a><\/div>\n\t\t\t<\/li><li class=\"wc-block-grid__product\">\n\t\t\t\t<a href=\"https:\/\/duartebotelho.com\/db\/produto\/azenhas-do-mar\/\" class=\"wc-block-grid__product-link\">\n\t\t\t\t\t\n\t\t\t\t\t<div class=\"wc-block-grid__product-image\"><img loading=\"lazy\" decoding=\"async\" width=\"324\" height=\"216\" src=\"https:\/\/duartebotelho.com\/db\/wp-content\/uploads\/2025\/12\/DB12-TELA-AZENHAS-DO-MAR-324x216.jpg\" class=\"attachment-woocommerce_thumbnail size-woocommerce_thumbnail\" alt=\"AZENHAS DO MAR\" srcset=\"https:\/\/duartebotelho.com\/db\/wp-content\/uploads\/2025\/12\/DB12-TELA-AZENHAS-DO-MAR-324x216.jpg 324w, https:\/\/duartebotelho.com\/db\/wp-content\/uploads\/2025\/12\/DB12-TELA-AZENHAS-DO-MAR-416x277.jpg 416w, https:\/\/duartebotelho.com\/db\/wp-content\/uploads\/2025\/12\/DB12-TELA-AZENHAS-DO-MAR-300x200.jpg 300w, https:\/\/duartebotelho.com\/db\/wp-content\/uploads\/2025\/12\/DB12-TELA-AZENHAS-DO-MAR-1024x682.jpg 1024w, https:\/\/duartebotelho.com\/db\/wp-content\/uploads\/2025\/12\/DB12-TELA-AZENHAS-DO-MAR-768x512.jpg 768w, https:\/\/duartebotelho.com\/db\/wp-content\/uploads\/2025\/12\/DB12-TELA-AZENHAS-DO-MAR.jpg 1181w\" sizes=\"auto, (max-width: 324px) 100vw, 324px\" \/><\/div>\n\t\t\t\t\t<div class=\"wc-block-grid__product-title\">AZENHAS DO MAR<\/div>\n\t\t\t\t<\/a>\n\t\t\t\t<div class=\"wc-block-grid__product-price price\"><span class=\"woocommerce-Price-amount amount\" aria-hidden=\"true\">90,00&nbsp;<span class=\"woocommerce-Price-currencySymbol\">&euro;<\/span><\/span> <span aria-hidden=\"true\">&ndash;<\/span> <span class=\"woocommerce-Price-amount amount\" aria-hidden=\"true\">120,00&nbsp;<span class=\"woocommerce-Price-currencySymbol\">&euro;<\/span><\/span><span class=\"screen-reader-text\">Price range: 90,00&nbsp;&euro; through 120,00&nbsp;&euro;<\/span><\/div>\n\t\t\t\t\n\t\t\t\t<div class=\"wp-block-button wc-block-grid__product-add-to-cart\"><a href=\"https:\/\/duartebotelho.com\/db\/produto\/azenhas-do-mar\/\" aria-label=\"Seleccione as op\u00e7\u00f5es para &ldquo;AZENHAS DO MAR&rdquo;\" data-quantity=\"1\" data-product_id=\"1661\" data-product_sku=\"DB12\" data-price=\"90\" rel=\"nofollow\" class=\"wp-block-button__link  add_to_cart_button\">Ver op\u00e7\u00f5es<\/a><\/div>\n\t\t\t<\/li><\/ul><\/div><\/div>\n<\/div>\n","protected":false},"excerpt":{"rendered":"","protected":false},"author":1,"featured_media":0,"parent":0,"menu_order":0,"comment_status":"closed","ping_status":"closed","template":"","meta":{"footnotes":""},"class_list":["post-1419","page","type-page","status-publish","hentry"],"_links":{"self":[{"href":"https:\/\/duartebotelho.com\/db\/wp-json\/wp\/v2\/pages\/1419","targetHints":{"allow":["GET"]}}],"collection":[{"href":"https:\/\/duartebotelho.com\/db\/wp-json\/wp\/v2\/pages"}],"about":[{"href":"https:\/\/duartebotelho.com\/db\/wp-json\/wp\/v2\/types\/page"}],"author":[{"embeddable":true,"href":"https:\/\/duartebotelho.com\/db\/wp-json\/wp\/v2\/users\/1"}],"replies":[{"embeddable":true,"href":"https:\/\/duartebotelho.com\/db\/wp-json\/wp\/v2\/comments?post=1419"}],"version-history":[{"count":1,"href":"https:\/\/duartebotelho.com\/db\/wp-json\/wp\/v2\/pages\/1419\/revisions"}],"predecessor-version":[{"id":1745,"href":"https:\/\/duartebotelho.com\/db\/wp-json\/wp\/v2\/pages\/1419\/revisions\/1745"}],"wp:attachment":[{"href":"https:\/\/duartebotelho.com\/db\/wp-json\/wp\/v2\/media?parent=1419"}],"curies":[{"name":"wp","href":"https:\/\/api.w.org\/{rel}","templated":true}]}}