{"id":1233,"date":"2023-10-21T22:40:44","date_gmt":"2023-10-21T22:40:44","guid":{"rendered":"https:\/\/duartebotelho.com\/db\/?page_id=1233"},"modified":"2023-10-21T22:59:49","modified_gmt":"2023-10-21T22:59:49","slug":"estacao-central","status":"publish","type":"page","link":"https:\/\/duartebotelho.com\/db\/estacao-central\/","title":{"rendered":"Esta\u00e7\u00e3o Central"},"content":{"rendered":"<p>&nbsp;<br \/>\n<span style=\"font-family: arial, sans-serif;\">Exposi\u00e7\u00e3o individual de pintura na Galeria de Arte dos CTT no Forum Picoas comemorativa do Centen\u00e1rio da Esta\u00e7\u00e3o Central (Rossio).<\/p>\n<p>Encomenda de selos pelos CTT e aquisi\u00e7\u00e3o de originais e edi\u00e7\u00e3o de serigrafia pela CP.<\/span><br \/>\n&nbsp;<\/p>\n<table width=\"800\" border=\"0\" cellspacing=\"0\" cellpadding=\"0\">\n<tr>\n<td align=\"center\" width=\"400\" height=\"0\"><span style=\"font-family: Arial;\"><img decoding=\"async\" alt=\"\/\/duartebotelho.com\/db\/wp-content\/uploads\/2023\/10\/LOCOMOTIVA_02_siteDBV.jpg\" src=\"\/\/duartebotelho.com\/db\/wp-content\/uploads\/2023\/10\/LOCOMOTIVA_02_siteDBV.jpg\" width=\"350\" \/><\/span><\/td>\n<td align=\"center\" width=\"400\" height=\"0\"><span style=\"font-family: Arial;\"><img decoding=\"async\" alt=\"https:\/\/duartebotelho.com\/db\/wp-content\/uploads\/2023\/10\/LOCOMOTIVA_10_siteDB.jpg\" src=\"https:\/\/duartebotelho.com\/db\/wp-content\/uploads\/2023\/10\/LOCOMOTIVA_10_siteDB.jpg\" width=\"350\" \/><\/span><\/td>\n<\/tr>\n<tr>\n<td align=\"center\" width=\"400\" height=\"0\"><span style=\"font-family: Arial;\"><span style=\"font-family: Arial-BoldMT;\"><b>&#8220;Locomotiva a vapor 010 &#8211; 1891&#8221; <\/b><\/span><span style=\"font-family: ArialMT;\">&#8211; acr\u00edlico\u00a0sobre tela<br \/>\n90x60cm<\/span><\/span><\/td>\n<td align=\"center\" width=\"400\" height=\"0\"><span style=\"font-family: Arial;\"><span style=\"font-family: Arial-BoldMT;\"><b>&#8220;Locomotiva a vapor 02 &#8211; 1887&#8221; <\/b><\/span><span style=\"font-family: ArialMT;\">&#8211; acr\u00edlico\u00a0sobre tela<br \/>\n90x60cm<\/span><\/span><\/td>\n<\/tr>\n<tr>\n<td align=\"center\" width=\"400\" height=\"30\"><\/td>\n<td align=\"center\" width=\"400\" height=\"30\"><\/td>\n<\/tr>\n<tr>\n<td align=\"center\" width=\"400\" height=\"0\"><\/td>\n<td align=\"center\" width=\"400\" height=\"0\"><\/td>\n<\/tr>\n<tr>\n<td align=\"center\" width=\"400\" height=\"0\"><span style=\"font-family: Arial;\"><img decoding=\"async\" alt=\"https:\/\/duartebotelho.com\/db\/wp-content\/uploads\/2023\/10\/LOCOMOTIVA_071_siteDB.jpg\" src=\"https:\/\/duartebotelho.com\/db\/wp-content\/uploads\/2023\/10\/LOCOMOTIVA_071_siteDB.jpg\" width=\"350\" \/><\/span><\/td>\n<td align=\"center\" width=\"400\" height=\"0\"><span style=\"font-family: Arial;\"><img decoding=\"async\" alt=\"https:\/\/duartebotelho.com\/db\/wp-content\/uploads\/2023\/10\/LOCOMOTIVA_UTE_siteDB.jpg\" src=\"https:\/\/duartebotelho.com\/db\/wp-content\/uploads\/2023\/10\/LOCOMOTIVA_UTE_siteDB.jpg\" width=\"350\" \/><\/span><\/td>\n<\/tr>\n<tr>\n<td align=\"center\" width=\"400\" height=\"0\"><span style=\"font-family: Arial;\"><span style=\"font-family: Arial-BoldMT;\"><b>&#8220;Locomotiva a vapor 071 &#8211; 1916&#8221;<br \/>\n<\/b><\/span><span style=\"font-family: ArialMT;\">&#8211; acr\u00edlico\u00a0sobre tela<br \/>\n90x60cm<\/span><\/span><\/td>\n<td align=\"center\" width=\"400\" height=\"0\"><span style=\"font-family: Arial;\"><span style=\"font-family: Arial-BoldMT;\"><b>&#8220;Locomotiva U.T.E. &#8211; 1956&#8221; <\/b><\/span><span style=\"font-family: ArialMT;\">&#8211; acr\u00edlico\u00a0sobre tela<br \/>\n90x60cm<\/span><\/span><\/td>\n<\/tr>\n<tr>\n<td align=\"center\" width=\"400\" height=\"0\"><\/td>\n<td align=\"center\" width=\"400\" height=\"0\"><\/td>\n<\/tr>\n<\/tbody>\n<\/table>\n<p>&nbsp;<\/p>\n","protected":false},"excerpt":{"rendered":"<p>&nbsp; Exposi\u00e7\u00e3o individual de pintura na Galeria de Arte dos CTT no Forum Picoas comemorativa do Centen\u00e1rio da Esta\u00e7\u00e3o Central (Rossio). Encomenda de selos pelos CTT e aquisi\u00e7\u00e3o de originais e edi\u00e7\u00e3o de serigrafia pela CP. &nbsp; &#8220;Locomotiva a vapor 010 &#8211; 1891&#8221; &#8211; acr\u00edlico\u00a0sobre tela 90x60cm &#8220;Locomotiva a vapor 02 &#8211; 1887&#8221; &#8211; acr\u00edlico\u00a0sobre [&hellip;]<\/p>\n","protected":false},"author":1,"featured_media":0,"parent":0,"menu_order":0,"comment_status":"open","ping_status":"open","template":"","meta":{"footnotes":""},"class_list":["post-1233","page","type-page","status-publish","hentry"],"_links":{"self":[{"href":"https:\/\/duartebotelho.com\/db\/wp-json\/wp\/v2\/pages\/1233","targetHints":{"allow":["GET"]}}],"collection":[{"href":"https:\/\/duartebotelho.com\/db\/wp-json\/wp\/v2\/pages"}],"about":[{"href":"https:\/\/duartebotelho.com\/db\/wp-json\/wp\/v2\/types\/page"}],"author":[{"embeddable":true,"href":"https:\/\/duartebotelho.com\/db\/wp-json\/wp\/v2\/users\/1"}],"replies":[{"embeddable":true,"href":"https:\/\/duartebotelho.com\/db\/wp-json\/wp\/v2\/comments?post=1233"}],"version-history":[{"count":19,"href":"https:\/\/duartebotelho.com\/db\/wp-json\/wp\/v2\/pages\/1233\/revisions"}],"predecessor-version":[{"id":1240,"href":"https:\/\/duartebotelho.com\/db\/wp-json\/wp\/v2\/pages\/1233\/revisions\/1240"}],"wp:attachment":[{"href":"https:\/\/duartebotelho.com\/db\/wp-json\/wp\/v2\/media?parent=1233"}],"curies":[{"name":"wp","href":"https:\/\/api.w.org\/{rel}","templated":true}]}}